{"id":160,"date":"2024-10-07T10:30:03","date_gmt":"2024-10-07T17:30:03","guid":{"rendered":"https:\/\/micasitanow.com\/contact\/"},"modified":"2024-11-26T11:24:00","modified_gmt":"2024-11-26T18:24:00","slug":"contact","status":"publish","type":"page","link":"https:\/\/micasitanow.com\/en\/contact\/","title":{"rendered":"Contact"},"content":{"rendered":"\t\t<div data-elementor-type=\"wp-page\" data-elementor-id=\"160\" class=\"elementor elementor-160 elementor-91\" data-elementor-post-type=\"page\">\n\t\t\t\t\t\t<section class=\"elementor-section elementor-top-section elementor-element elementor-element-26caaa4b elementor-section-height-min-height elementor-section-boxed elementor-section-height-default elementor-section-items-middle\" data-id=\"26caaa4b\" data-element_type=\"section\" data-settings=\"{&quot;background_background&quot;:&quot;classic&quot;}\">\n\t\t\t\t\t\t\t<div class=\"elementor-background-overlay\"><\/div>\n\t\t\t\t\t\t\t<div class=\"elementor-container elementor-column-gap-wider\">\n\t\t\t\t\t<div class=\"elementor-column elementor-col-100 elementor-top-column elementor-element elementor-element-7dd44ea\" data-id=\"7dd44ea\" data-element_type=\"column\">\n\t\t\t<div class=\"elementor-widget-wrap elementor-element-populated\">\n\t\t\t\t\t\t<div class=\"elementor-element elementor-element-206fb381 elementor-widget__width-auto elementor-invisible elementor-widget elementor-widget-icon-box\" data-id=\"206fb381\" data-element_type=\"widget\" data-settings=\"{&quot;_animation&quot;:&quot;slideInDown&quot;}\" data-widget_type=\"icon-box.default\">\n\t\t\t\t\t\t\t<div class=\"elementor-icon-box-wrapper\">\n\n\t\t\t\n\t\t\t\t\t\t<div class=\"elementor-icon-box-content\">\n\n\t\t\t\t\t\t\t\t\t<h1 class=\"elementor-icon-box-title\">\n\t\t\t\t\t\t<span  >\n\t\t\t\t\t\t\tContact us today!\t\t\t\t\t\t<\/span>\n\t\t\t\t\t<\/h1>\n\t\t\t\t\n\t\t\t\t\n\t\t\t<\/div>\n\t\t\t\n\t\t<\/div>\n\t\t\t\t\t\t<\/div>\n\t\t\t\t\t<\/div>\n\t\t<\/div>\n\t\t\t\t\t<\/div>\n\t\t<\/section>\n\t\t\t\t<section class=\"elementor-section elementor-top-section elementor-element elementor-element-bae9de8 elementor-section-boxed elementor-section-height-default elementor-section-height-default\" data-id=\"bae9de8\" data-element_type=\"section\">\n\t\t\t\t\t\t<div class=\"elementor-container elementor-column-gap-wider\">\n\t\t\t\t\t<div class=\"elementor-column elementor-col-50 elementor-top-column elementor-element elementor-element-1ee7b9e1\" data-id=\"1ee7b9e1\" data-element_type=\"column\">\n\t\t\t<div class=\"elementor-widget-wrap elementor-element-populated\">\n\t\t\t\t\t\t<div class=\"elementor-element elementor-element-46b57903 elementor-invisible elementor-widget elementor-widget-heading\" data-id=\"46b57903\" data-element_type=\"widget\" data-settings=\"{&quot;_animation&quot;:&quot;fadeInDown&quot;}\" data-widget_type=\"heading.default\">\n\t\t\t\t\t<h4 class=\"elementor-heading-title elementor-size-default\">Let's talk about your project\n\n<\/h4>\t\t\t\t<\/div>\n\t\t\t\t<div class=\"elementor-element elementor-element-3a6ec964 elementor-invisible elementor-widget elementor-widget-text-editor\" data-id=\"3a6ec964\" data-element_type=\"widget\" data-settings=\"{&quot;_animation&quot;:&quot;fadeInDown&quot;}\" data-widget_type=\"text-editor.default\">\n\t\t\t\t\t\t\t\t\tYou are just one step away from turning your patio into a comfortable and practical home, contact us for more details about our ADUs! \n\n\t\t\t\t\t\t\t\t<\/div>\n\t\t\t\t<div class=\"elementor-element elementor-element-f08c058 elementor-button-align-start elementor-widget elementor-widget-form\" data-id=\"f08c058\" data-element_type=\"widget\" data-settings=\"{&quot;step_next_label&quot;:&quot;Next&quot;,&quot;step_previous_label&quot;:&quot;Previous&quot;,&quot;button_width&quot;:&quot;100&quot;,&quot;step_type&quot;:&quot;number_text&quot;,&quot;step_icon_shape&quot;:&quot;circle&quot;}\" data-widget_type=\"form.default\">\n\t\t\t\t\t\t\t<form class=\"elementor-form\" method=\"post\" name=\"New Form\" aria-label=\"New Form\">\n\t\t\t<input type=\"hidden\" name=\"post_id\" value=\"160\"\/>\n\t\t\t<input type=\"hidden\" name=\"form_id\" value=\"f08c058\"\/>\n\t\t\t<input type=\"hidden\" name=\"referer_title\" value=\"Contact - MiCasitaNow\" \/>\n\n\t\t\t\t\t\t\t<input type=\"hidden\" name=\"queried_id\" value=\"160\"\/>\n\t\t\t\n\t\t\t<div class=\"elementor-form-fields-wrapper elementor-labels-\">\n\t\t\t\t\t\t\t\t<div class=\"elementor-field-type-text elementor-field-group elementor-column elementor-field-group-name elementor-col-100\">\n\t\t\t\t\t\t\t\t\t\t\t\t<label for=\"form-field-name\" class=\"elementor-field-label elementor-screen-only\">\n\t\t\t\t\t\t\t\tName\t\t\t\t\t\t\t<\/label>\n\t\t\t\t\t\t\t\t\t\t\t\t\t\t<input size=\"1\" type=\"text\" name=\"form_fields[name]\" id=\"form-field-name\" class=\"elementor-field elementor-size-md  elementor-field-textual\" placeholder=\"Name\">\n\t\t\t\t\t\t\t\t\t\t\t<\/div>\n\t\t\t\t\t\t\t\t<div class=\"elementor-field-type-email elementor-field-group elementor-column elementor-field-group-email elementor-col-100 elementor-field-required\">\n\t\t\t\t\t\t\t\t\t\t\t\t<label for=\"form-field-email\" class=\"elementor-field-label elementor-screen-only\">\n\t\t\t\t\t\t\t\tMail\t\t\t\t\t\t\t<\/label>\n\t\t\t\t\t\t\t\t\t\t\t\t\t\t<input size=\"1\" type=\"email\" name=\"form_fields[email]\" id=\"form-field-email\" class=\"elementor-field elementor-size-md  elementor-field-textual\" placeholder=\"Mail\" required=\"required\">\n\t\t\t\t\t\t\t\t\t\t\t<\/div>\n\t\t\t\t\t\t\t\t<div class=\"elementor-field-type-tel elementor-field-group elementor-column elementor-field-group-field_3b5f0cf elementor-col-100 elementor-field-required\">\n\t\t\t\t\t\t\t\t\t\t\t\t<label for=\"form-field-field_3b5f0cf\" class=\"elementor-field-label elementor-screen-only\">\n\t\t\t\t\t\t\t\tPhone\t\t\t\t\t\t\t<\/label>\n\t\t\t\t\t\t\t\t<input size=\"1\" type=\"tel\" name=\"form_fields[field_3b5f0cf]\" id=\"form-field-field_3b5f0cf\" class=\"elementor-field elementor-size-md  elementor-field-textual\" placeholder=\"Phone\" required=\"required\" pattern=\"[0-9()#&amp;+*-=.]+\" title=\"Only numbers and phone characters (#, -, *, etc) are accepted.\">\n\n\t\t\t\t\t\t<\/div>\n\t\t\t\t\t\t\t\t<div class=\"elementor-field-type-textarea elementor-field-group elementor-column elementor-field-group-message elementor-col-100\">\n\t\t\t\t\t\t\t\t\t\t\t\t<label for=\"form-field-message\" class=\"elementor-field-label elementor-screen-only\">\n\t\t\t\t\t\t\t\tMessage\t\t\t\t\t\t\t<\/label>\n\t\t\t\t\t\t<textarea class=\"elementor-field-textual elementor-field  elementor-size-md\" name=\"form_fields[message]\" id=\"form-field-message\" rows=\"4\" placeholder=\"Message\"><\/textarea>\t\t\t\t<\/div>\n\t\t\t\t\t\t\t\t<div class=\"elementor-field-type-text\">\n\t\t\t\t\t<input size=\"1\" type=\"text\" name=\"form_fields[field_34b2939]\" id=\"form-field-field_34b2939\" class=\"elementor-field elementor-size-md \" style=\"display:none !important;\">\t\t\t\t<\/div>\n\t\t\t\t\t\t\t\t<div class=\"elementor-field-type-recaptcha_v3 elementor-field-group elementor-column elementor-field-group-field_38cab9d elementor-col-100 recaptcha_v3-bottomright\">\n\t\t\t\t\t<div class=\"elementor-field\" id=\"form-field-field_38cab9d\"><div class=\"elementor-g-recaptcha\" data-sitekey=\"6Lcq74oqAAAAAFNKtq_vd3eIqsb4GQk8_yYElyt2\" data-type=\"v3\" data-action=\"Form\" data-badge=\"bottomright\" data-size=\"invisible\"><\/div><\/div>\t\t\t\t<\/div>\n\t\t\t\t\t\t\t\t<div class=\"elementor-field-group elementor-column elementor-field-type-submit elementor-col-100 e-form__buttons\">\n\t\t\t\t\t<button class=\"elementor-button elementor-size-md\" type=\"submit\">\n\t\t\t\t\t\t<span class=\"elementor-button-content-wrapper\">\n\t\t\t\t\t\t\t\t\t\t\t\t\t\t\t\t\t\t\t\t\t\t<span class=\"elementor-button-text\">Start your project<\/span>\n\t\t\t\t\t\t\t\t\t\t\t\t\t<\/span>\n\t\t\t\t\t<\/button>\n\t\t\t\t<\/div>\n\t\t\t<\/div>\n\t\t<\/form>\n\t\t\t\t\t\t<\/div>\n\t\t\t\t\t<\/div>\n\t\t<\/div>\n\t\t\t\t<div class=\"elementor-column elementor-col-50 elementor-top-column elementor-element elementor-element-53b5daa3\" data-id=\"53b5daa3\" data-element_type=\"column\">\n\t\t\t<div class=\"elementor-widget-wrap elementor-element-populated\">\n\t\t\t\t\t\t<div class=\"elementor-element elementor-element-15795e3e elementor-widget__width-auto elementor-invisible elementor-widget elementor-widget-heading\" data-id=\"15795e3e\" data-element_type=\"widget\" data-settings=\"{&quot;_animation&quot;:&quot;slideInLeft&quot;}\" data-widget_type=\"heading.default\">\n\t\t\t\t\t<div class=\"elementor-heading-title elementor-size-default\">Contact<\/div>\t\t\t\t<\/div>\n\t\t\t\t<div class=\"elementor-element elementor-element-20424177 elementor-invisible elementor-widget elementor-widget-heading\" data-id=\"20424177\" data-element_type=\"widget\" data-settings=\"{&quot;_animation&quot;:&quot;fadeInDown&quot;}\" data-widget_type=\"heading.default\">\n\t\t\t\t\t<h2 class=\"elementor-heading-title elementor-size-default\">Request Information and Start Building Your ADU Home Today\n\n<\/h2>\t\t\t\t<\/div>\n\t\t\t\t<div class=\"elementor-element elementor-element-a637cd5 elementor-invisible elementor-widget elementor-widget-text-editor\" data-id=\"a637cd5\" data-element_type=\"widget\" data-settings=\"{&quot;_animation&quot;:&quot;fadeInDown&quot;}\" data-widget_type=\"text-editor.default\">\n\t\t\t\t\t\t\t\t\t<p>Phoenix Metro Area (AZ)<\/p><p><a href=\"tel:+16026474799\">+1 (602) 647 4799<\/a><\/p><p><a href=\"mailto:micasitanow@gmail.com\">micasitanow@gmail.com<\/a><\/p>\t\t\t\t\t\t\t\t<\/div>\n\t\t\t\t<div class=\"elementor-element elementor-element-7faf0a7 elementor-view-default elementor-widget elementor-widget-icon\" data-id=\"7faf0a7\" data-element_type=\"widget\" data-widget_type=\"icon.default\">\n\t\t\t\t\t\t\t<div class=\"elementor-icon-wrapper\">\n\t\t\t<a class=\"elementor-icon\" href=\"https:\/\/www.facebook.com\/people\/Mi-Casita-Now\/61566047372541\/\" target=\"_blank\">\n\t\t\t<svg aria-hidden=\"true\" class=\"e-font-icon-svg e-fab-facebook\" viewBox=\"0 0 512 512\" xmlns=\"http:\/\/www.w3.org\/2000\/svg\"><path d=\"M504 256C504 119 393 8 256 8S8 119 8 256c0 123.78 90.69 226.38 209.25 245V327.69h-63V256h63v-54.64c0-62.15 37-96.48 93.67-96.48 27.14 0 55.52 4.84 55.52 4.84v61h-31.28c-30.8 0-40.41 19.12-40.41 38.73V256h68.78l-11 71.69h-57.78V501C413.31 482.38 504 379.78 504 256z\"><\/path><\/svg>\t\t\t<\/a>\n\t\t<\/div>\n\t\t\t\t\t\t<\/div>\n\t\t\t\t\t<\/div>\n\t\t<\/div>\n\t\t\t\t\t<\/div>\n\t\t<\/section>\n\t\t\t\t<\/div>\n\t\t","protected":false},"excerpt":{"rendered":"<p>Contact us today! Let&#8217;s talk about your project You are just one step away from turning your patio into a comfortable and practical home, contact us for more details about our ADUs! Contact Request Information and Start Building Your ADU Home Today Phoenix Metro Area (AZ) +1 (602) 647 4799 micasitanow@gmail.com<\/p>\n","protected":false},"author":2,"featured_media":136,"parent":0,"menu_order":0,"comment_status":"closed","ping_status":"closed","template":"elementor_header_footer","meta":{"footnotes":""},"class_list":["post-160","page","type-page","status-publish","has-post-thumbnail","hentry"],"yoast_head":"<!-- This site is optimized with the Yoast SEO plugin v26.0 - https:\/\/yoast.com\/wordpress\/plugins\/seo\/ -->\n<title>Contact - MiCasitaNow<\/title>\n<meta name=\"robots\" content=\"index, follow, max-snippet:-1, max-image-preview:large, max-video-preview:-1\" \/>\n<link rel=\"canonical\" href=\"https:\/\/micasitanow.com\/en\/contact\/\" \/>\n<meta property=\"og:locale\" content=\"en_US\" \/>\n<meta property=\"og:type\" content=\"article\" \/>\n<meta property=\"og:title\" content=\"Contact - MiCasitaNow\" \/>\n<meta property=\"og:description\" content=\"Contact us today! Let&#8217;s talk about your project You are just one step away from turning your patio into a comfortable and practical home, contact us for more details about our ADUs! Contact Request Information and Start Building Your ADU Home Today Phoenix Metro Area (AZ) +1 (602) 647 4799 micasitanow@gmail.com\" \/>\n<meta property=\"og:url\" content=\"https:\/\/micasitanow.com\/en\/contact\/\" \/>\n<meta property=\"og:site_name\" content=\"MiCasitaNow\" \/>\n<meta property=\"article:modified_time\" content=\"2024-11-26T18:24:00+00:00\" \/>\n<meta property=\"og:image\" content=\"https:\/\/micasitanow.com\/wp-content\/uploads\/2024\/09\/micasita-1.webp\" \/>\n\t<meta property=\"og:image:width\" content=\"800\" \/>\n\t<meta property=\"og:image:height\" content=\"800\" \/>\n\t<meta property=\"og:image:type\" content=\"image\/webp\" \/>\n<meta name=\"twitter:card\" content=\"summary_large_image\" \/>\n<meta name=\"twitter:label1\" content=\"Est. reading time\" \/>\n\t<meta name=\"twitter:data1\" content=\"1 minute\" \/>\n<script type=\"application\/ld+json\" class=\"yoast-schema-graph\">{\"@context\":\"https:\/\/schema.org\",\"@graph\":[{\"@type\":\"WebPage\",\"@id\":\"https:\/\/micasitanow.com\/en\/contact\/\",\"url\":\"https:\/\/micasitanow.com\/en\/contact\/\",\"name\":\"Contact - MiCasitaNow\",\"isPartOf\":{\"@id\":\"https:\/\/micasitanow.com\/en\/#website\"},\"primaryImageOfPage\":{\"@id\":\"https:\/\/micasitanow.com\/en\/contact\/#primaryimage\"},\"image\":{\"@id\":\"https:\/\/micasitanow.com\/en\/contact\/#primaryimage\"},\"thumbnailUrl\":\"https:\/\/micasitanow.com\/wp-content\/uploads\/2024\/09\/micasita-1.webp\",\"datePublished\":\"2024-10-07T17:30:03+00:00\",\"dateModified\":\"2024-11-26T18:24:00+00:00\",\"breadcrumb\":{\"@id\":\"https:\/\/micasitanow.com\/en\/contact\/#breadcrumb\"},\"inLanguage\":\"en-US\",\"potentialAction\":[{\"@type\":\"ReadAction\",\"target\":[\"https:\/\/micasitanow.com\/en\/contact\/\"]}]},{\"@type\":\"ImageObject\",\"inLanguage\":\"en-US\",\"@id\":\"https:\/\/micasitanow.com\/en\/contact\/#primaryimage\",\"url\":\"https:\/\/micasitanow.com\/wp-content\/uploads\/2024\/09\/micasita-1.webp\",\"contentUrl\":\"https:\/\/micasitanow.com\/wp-content\/uploads\/2024\/09\/micasita-1.webp\",\"width\":800,\"height\":800},{\"@type\":\"BreadcrumbList\",\"@id\":\"https:\/\/micasitanow.com\/en\/contact\/#breadcrumb\",\"itemListElement\":[{\"@type\":\"ListItem\",\"position\":1,\"name\":\"Home\",\"item\":\"https:\/\/micasitanow.com\/en\/\"},{\"@type\":\"ListItem\",\"position\":2,\"name\":\"Contact\"}]},{\"@type\":\"WebSite\",\"@id\":\"https:\/\/micasitanow.com\/en\/#website\",\"url\":\"https:\/\/micasitanow.com\/en\/\",\"name\":\"MiCasitaNow\",\"description\":\"\u00a1Obt\u00e9n la aprobaci\u00f3n y construye tu casita R\u00c1PIDO con nosotros!\",\"publisher\":{\"@id\":\"https:\/\/micasitanow.com\/en\/#organization\"},\"potentialAction\":[{\"@type\":\"SearchAction\",\"target\":{\"@type\":\"EntryPoint\",\"urlTemplate\":\"https:\/\/micasitanow.com\/en\/?s={search_term_string}\"},\"query-input\":{\"@type\":\"PropertyValueSpecification\",\"valueRequired\":true,\"valueName\":\"search_term_string\"}}],\"inLanguage\":\"en-US\"},{\"@type\":\"Organization\",\"@id\":\"https:\/\/micasitanow.com\/en\/#organization\",\"name\":\"MiCasitaNow\",\"url\":\"https:\/\/micasitanow.com\/en\/\",\"logo\":{\"@type\":\"ImageObject\",\"inLanguage\":\"en-US\",\"@id\":\"https:\/\/micasitanow.com\/en\/#\/schema\/logo\/image\/\",\"url\":\"https:\/\/micasitanow.com\/wp-content\/uploads\/2024\/09\/Mi-casita-now-logo-black.webp\",\"contentUrl\":\"https:\/\/micasitanow.com\/wp-content\/uploads\/2024\/09\/Mi-casita-now-logo-black.webp\",\"width\":180,\"height\":70,\"caption\":\"MiCasitaNow\"},\"image\":{\"@id\":\"https:\/\/micasitanow.com\/en\/#\/schema\/logo\/image\/\"}}]}<\/script>\n<!-- \/ Yoast SEO plugin. -->","yoast_head_json":{"title":"Contact - MiCasitaNow","robots":{"index":"index","follow":"follow","max-snippet":"max-snippet:-1","max-image-preview":"max-image-preview:large","max-video-preview":"max-video-preview:-1"},"canonical":"https:\/\/micasitanow.com\/en\/contact\/","og_locale":"en_US","og_type":"article","og_title":"Contact - MiCasitaNow","og_description":"Contact us today! Let&#8217;s talk about your project You are just one step away from turning your patio into a comfortable and practical home, contact us for more details about our ADUs! Contact Request Information and Start Building Your ADU Home Today Phoenix Metro Area (AZ) +1 (602) 647 4799 micasitanow@gmail.com","og_url":"https:\/\/micasitanow.com\/en\/contact\/","og_site_name":"MiCasitaNow","article_modified_time":"2024-11-26T18:24:00+00:00","og_image":[{"width":800,"height":800,"url":"https:\/\/micasitanow.com\/wp-content\/uploads\/2024\/09\/micasita-1.webp","type":"image\/webp"}],"twitter_card":"summary_large_image","twitter_misc":{"Est. reading time":"1 minute"},"schema":{"@context":"https:\/\/schema.org","@graph":[{"@type":"WebPage","@id":"https:\/\/micasitanow.com\/en\/contact\/","url":"https:\/\/micasitanow.com\/en\/contact\/","name":"Contact - MiCasitaNow","isPartOf":{"@id":"https:\/\/micasitanow.com\/en\/#website"},"primaryImageOfPage":{"@id":"https:\/\/micasitanow.com\/en\/contact\/#primaryimage"},"image":{"@id":"https:\/\/micasitanow.com\/en\/contact\/#primaryimage"},"thumbnailUrl":"https:\/\/micasitanow.com\/wp-content\/uploads\/2024\/09\/micasita-1.webp","datePublished":"2024-10-07T17:30:03+00:00","dateModified":"2024-11-26T18:24:00+00:00","breadcrumb":{"@id":"https:\/\/micasitanow.com\/en\/contact\/#breadcrumb"},"inLanguage":"en-US","potentialAction":[{"@type":"ReadAction","target":["https:\/\/micasitanow.com\/en\/contact\/"]}]},{"@type":"ImageObject","inLanguage":"en-US","@id":"https:\/\/micasitanow.com\/en\/contact\/#primaryimage","url":"https:\/\/micasitanow.com\/wp-content\/uploads\/2024\/09\/micasita-1.webp","contentUrl":"https:\/\/micasitanow.com\/wp-content\/uploads\/2024\/09\/micasita-1.webp","width":800,"height":800},{"@type":"BreadcrumbList","@id":"https:\/\/micasitanow.com\/en\/contact\/#breadcrumb","itemListElement":[{"@type":"ListItem","position":1,"name":"Home","item":"https:\/\/micasitanow.com\/en\/"},{"@type":"ListItem","position":2,"name":"Contact"}]},{"@type":"WebSite","@id":"https:\/\/micasitanow.com\/en\/#website","url":"https:\/\/micasitanow.com\/en\/","name":"MiCasitaNow","description":"\u00a1Obt\u00e9n la aprobaci\u00f3n y construye tu casita R\u00c1PIDO con nosotros!","publisher":{"@id":"https:\/\/micasitanow.com\/en\/#organization"},"potentialAction":[{"@type":"SearchAction","target":{"@type":"EntryPoint","urlTemplate":"https:\/\/micasitanow.com\/en\/?s={search_term_string}"},"query-input":{"@type":"PropertyValueSpecification","valueRequired":true,"valueName":"search_term_string"}}],"inLanguage":"en-US"},{"@type":"Organization","@id":"https:\/\/micasitanow.com\/en\/#organization","name":"MiCasitaNow","url":"https:\/\/micasitanow.com\/en\/","logo":{"@type":"ImageObject","inLanguage":"en-US","@id":"https:\/\/micasitanow.com\/en\/#\/schema\/logo\/image\/","url":"https:\/\/micasitanow.com\/wp-content\/uploads\/2024\/09\/Mi-casita-now-logo-black.webp","contentUrl":"https:\/\/micasitanow.com\/wp-content\/uploads\/2024\/09\/Mi-casita-now-logo-black.webp","width":180,"height":70,"caption":"MiCasitaNow"},"image":{"@id":"https:\/\/micasitanow.com\/en\/#\/schema\/logo\/image\/"}}]}},"_links":{"self":[{"href":"https:\/\/micasitanow.com\/en\/wp-json\/wp\/v2\/pages\/160","targetHints":{"allow":["GET"]}}],"collection":[{"href":"https:\/\/micasitanow.com\/en\/wp-json\/wp\/v2\/pages"}],"about":[{"href":"https:\/\/micasitanow.com\/en\/wp-json\/wp\/v2\/types\/page"}],"author":[{"embeddable":true,"href":"https:\/\/micasitanow.com\/en\/wp-json\/wp\/v2\/users\/2"}],"replies":[{"embeddable":true,"href":"https:\/\/micasitanow.com\/en\/wp-json\/wp\/v2\/comments?post=160"}],"version-history":[{"count":0,"href":"https:\/\/micasitanow.com\/en\/wp-json\/wp\/v2\/pages\/160\/revisions"}],"wp:featuredmedia":[{"embeddable":true,"href":"https:\/\/micasitanow.com\/en\/wp-json\/wp\/v2\/media\/136"}],"wp:attachment":[{"href":"https:\/\/micasitanow.com\/en\/wp-json\/wp\/v2\/media?parent=160"}],"curies":[{"name":"wp","href":"https:\/\/api.w.org\/{rel}","templated":true}]}}